{"id":21,"date":"2014-03-27T19:20:33","date_gmt":"2014-03-27T19:20:33","guid":{"rendered":"http:\/\/tuenvejecimientoactivo.com\/?page_id=21"},"modified":"2014-03-31T16:50:35","modified_gmt":"2014-03-31T16:50:35","slug":"sobre-mi","status":"publish","type":"page","link":"http:\/\/tuenvejecimientoactivo.com\/?page_id=21","title":{"rendered":"Sobre m\u00ed"},"content":{"rendered":"<p><a href=\"http:\/\/tuenvejecimientoactivo.com\/wp-content\/uploads\/2014\/03\/Foto_Unai.jpg\"><img loading=\"lazy\" decoding=\"async\" class=\"alignnone size-full wp-image-22\" alt=\"Foto_Unai\" src=\"http:\/\/tuenvejecimientoactivo.com\/wp-content\/uploads\/2014\/03\/Foto_Unai.jpg\" width=\"371\" height=\"479\" srcset=\"http:\/\/tuenvejecimientoactivo.com\/wp-content\/uploads\/2014\/03\/Foto_Unai.jpg 371w, http:\/\/tuenvejecimientoactivo.com\/wp-content\/uploads\/2014\/03\/Foto_Unai-232x300.jpg 232w\" sizes=\"(max-width: 371px) 100vw, 371px\" \/><\/a><\/p>\n<h1><b>Yo<\/b>&#8230;<\/h1>\n<p style=\"padding-left: 60px;\">me llamo Unai Arrieta. Jugador de balonmano de afici\u00f3n y profesi\u00f3n. Comenc\u00e9 a jugar a balonmano en mi pueblo de nacimiento, Elgoibar. Despu\u00e9s de jugar en el J.D. Arrate, C.D. Bidasoa y B.M. Galdar, hoy en d\u00eda estoy orgulloso de ser jugador del Naturhouse La Rioja.<\/p>\n<h1><b>Me<\/b>&#8230;<\/h1>\n<p style=\"padding-left: 60px;\">gusta leer y formarme. Estudio quinto de Psicolog\u00eda y estoy realizando mi proyecto final de carrera en un centro de personas mayores dise\u00f1ando, implementando y evaluando un programa de promoci\u00f3n del Envejecimeinto Activo.<\/p>\n<h1><b>Mi<\/b>&#8230;<\/h1>\n<p style=\"padding-left: 60px;\">gran reto en un futuro pr\u00f3ximo: convertirme en un buen psic\u00f3logo y promotor del Envejecimiento Activo, que logre estimular y entusiasmar a las personas mayores a que lleven un estilo de vida activo y saludable.<\/p>\n","protected":false},"excerpt":{"rendered":"<p>Yo&#8230; me llamo Unai Arrieta. Jugador de balonmano de afici\u00f3n y profesi\u00f3n. Comenc\u00e9 a jugar a balonmano en mi pueblo [&hellip;]<\/p>\n","protected":false},"author":1,"featured_media":0,"parent":0,"menu_order":0,"comment_status":"open","ping_status":"closed","template":"","meta":{"footnotes":""},"_links":{"self":[{"href":"http:\/\/tuenvejecimientoactivo.com\/index.php?rest_route=\/wp\/v2\/pages\/21"}],"collection":[{"href":"http:\/\/tuenvejecimientoactivo.com\/index.php?rest_route=\/wp\/v2\/pages"}],"about":[{"href":"http:\/\/tuenvejecimientoactivo.com\/index.php?rest_route=\/wp\/v2\/types\/page"}],"author":[{"embeddable":true,"href":"http:\/\/tuenvejecimientoactivo.com\/index.php?rest_route=\/wp\/v2\/users\/1"}],"replies":[{"embeddable":true,"href":"http:\/\/tuenvejecimientoactivo.com\/index.php?rest_route=%2Fwp%2Fv2%2Fcomments&post=21"}],"version-history":[{"count":4,"href":"http:\/\/tuenvejecimientoactivo.com\/index.php?rest_route=\/wp\/v2\/pages\/21\/revisions"}],"predecessor-version":[{"id":51,"href":"http:\/\/tuenvejecimientoactivo.com\/index.php?rest_route=\/wp\/v2\/pages\/21\/revisions\/51"}],"wp:attachment":[{"href":"http:\/\/tuenvejecimientoactivo.com\/index.php?rest_route=%2Fwp%2Fv2%2Fmedia&parent=21"}],"curies":[{"name":"wp","href":"https:\/\/api.w.org\/{rel}","templated":true}]}}